{"id":942,"date":"2024-10-14T14:34:20","date_gmt":"2024-10-14T13:04:20","guid":{"rendered":"https:\/\/www.ocea-ssm.com\/ocea-la-solution-strategique-a-vos-enjeux-maritimes\/"},"modified":"2025-12-05T13:22:49","modified_gmt":"2025-12-05T11:52:49","slug":"ocea-la-solution-strategique-a-vos-enjeux-maritimes","status":"publish","type":"page","link":"https:\/\/www.ocea-ssm.com\/fr\/","title":{"rendered":"OCEA, <br>la solution strat\u00e9gique \u00e0 vos enjeux maritimes"},"content":{"rendered":"","protected":false},"excerpt":{"rendered":"","protected":false},"author":1,"featured_media":0,"parent":0,"menu_order":0,"comment_status":"closed","ping_status":"closed","template":"page-templates\/page_accueil.php","meta":{"_seopress_robots_primary_cat":"","_seopress_titles_title":"S\u00e9curit\u00e9 et S\u00fbret\u00e9 Maritime l Ocea SSM","_seopress_titles_desc":"Pour op\u00e9rer et maintenir les actifs et les comp\u00e9tences des ressources humaines, OCEA, \u00ab Partenaire de vos projets \u00bb, vous accompagne avec une offre globale et personnalis\u00e9e allant du conseil et de l'ing\u00e9nierie navale et financi\u00e8re jusqu'au contrat de maintenance.","_seopress_robots_index":"","footnotes":""},"class_list":["post-942","page","type-page","status-publish"],"_links":{"self":[{"href":"https:\/\/www.ocea-ssm.com\/fr\/wp-json\/wp\/v2\/pages\/942","targetHints":{"allow":["GET"]}}],"collection":[{"href":"https:\/\/www.ocea-ssm.com\/fr\/wp-json\/wp\/v2\/pages"}],"about":[{"href":"https:\/\/www.ocea-ssm.com\/fr\/wp-json\/wp\/v2\/types\/page"}],"author":[{"embeddable":true,"href":"https:\/\/www.ocea-ssm.com\/fr\/wp-json\/wp\/v2\/users\/1"}],"replies":[{"embeddable":true,"href":"https:\/\/www.ocea-ssm.com\/fr\/wp-json\/wp\/v2\/comments?post=942"}],"version-history":[{"count":2,"href":"https:\/\/www.ocea-ssm.com\/fr\/wp-json\/wp\/v2\/pages\/942\/revisions"}],"predecessor-version":[{"id":1247,"href":"https:\/\/www.ocea-ssm.com\/fr\/wp-json\/wp\/v2\/pages\/942\/revisions\/1247"}],"wp:attachment":[{"href":"https:\/\/www.ocea-ssm.com\/fr\/wp-json\/wp\/v2\/media?parent=942"}],"curies":[{"name":"wp","href":"https:\/\/api.w.org\/{rel}","templated":true}]}}